{"id":13924,"date":"2026-04-25T17:13:54","date_gmt":"2026-04-25T17:13:54","guid":{"rendered":"https:\/\/liceulmeu.md\/?page_id=13924"},"modified":"2026-04-25T17:14:12","modified_gmt":"2026-04-25T17:14:12","slug":"echipa-manageriala","status":"publish","type":"page","link":"https:\/\/liceulmeu.md\/en\/echipa-manageriala\/","title":{"rendered":"Echipa manageriala"},"content":{"rendered":"<h2 class=\"wp-block-heading\">Echipa noastr\u0103 de succes<\/h2>\n\n\n\n<h6 class=\"wp-block-heading\">\u201eUNICUL INGREDIENT IMPORTANT \u00ceN FORMULA SUCCESULUI ESTE S\u0102 \u0218TII S\u0102 FII PRIETENIS CU OAMENII.\u201d (THEODORE ROOSEVELT)<\/h6>\n\n\n\n<p><em><mark style=\"background-color:rgba(0, 0, 0, 0)\" class=\"has-inline-color has-vivid-cyan-blue-color\">Un profesor bun \u00ee\u0219i las\u0103 definitiv amprenta asupra dezvolt\u0103rii armonioase a elevilor s\u0103i, printr-o sum\u0103 de calit\u0103\u021bi esen\u021biale, care \u00eel ajut\u0103 s\u0103 fac\u0103 cinste voca\u021biei \u00eembr\u0103\u021bisate. Un profesor bun este constructivist, echitabil, adaptabil, atent la nevoile individuale, \u0219tie s\u0103 lucreze \u00een echip\u0103, este creativ, manifest\u0103 empatie \u0219i se afl\u0103 \u00een permanent\u0103 perfec\u021bionare<\/mark><\/em>.\u00a0<\/p>\n\n\n\n<figure class=\"wp-block-image size-large\"><img fetchpriority=\"high\" decoding=\"async\" width=\"1024\" height=\"682\" src=\"https:\/\/liceulmeu.md\/wp-content\/uploads\/2026\/04\/Untitled-Made-with-PosterMyWall-1024x682.jpg\" alt=\"\" class=\"wp-image-13925\" srcset=\"https:\/\/liceulmeu.md\/wp-content\/uploads\/2026\/04\/Untitled-Made-with-PosterMyWall-1024x682.jpg 1024w, https:\/\/liceulmeu.md\/wp-content\/uploads\/2026\/04\/Untitled-Made-with-PosterMyWall-300x200.jpg 300w, https:\/\/liceulmeu.md\/wp-content\/uploads\/2026\/04\/Untitled-Made-with-PosterMyWall-768x512.jpg 768w, https:\/\/liceulmeu.md\/wp-content\/uploads\/2026\/04\/Untitled-Made-with-PosterMyWall-18x12.jpg 18w, https:\/\/liceulmeu.md\/wp-content\/uploads\/2026\/04\/Untitled-Made-with-PosterMyWall-600x400.jpg 600w, https:\/\/liceulmeu.md\/wp-content\/uploads\/2026\/04\/Untitled-Made-with-PosterMyWall-974x649.jpg 974w, https:\/\/liceulmeu.md\/wp-content\/uploads\/2026\/04\/Untitled-Made-with-PosterMyWall.jpg 1280w\" sizes=\"(max-width: 1024px) 100vw, 1024px\" \/><\/figure>","protected":false},"excerpt":{"rendered":"<p>Echipa noastr\u0103 de succes \u201eUNICUL INGREDIENT IMPORTANT \u00ceN FORMULA SUCCESULUI ESTE S\u0102 \u0218TII S\u0102 FII PRIETENIS CU OAMENII.\u201d (THEODORE ROOSEVELT) Un profesor bun \u00ee\u0219i las\u0103 definitiv amprenta asupra dezvolt\u0103rii armonioase a elevilor s\u0103i, printr-o sum\u0103 de calit\u0103\u021bi esen\u021biale, care \u00eel ajut\u0103 s\u0103 fac\u0103 cinste voca\u021biei \u00eembr\u0103\u021bisate. Un profesor bun este constructivist, echitabil, adaptabil, atent la&hellip; <br \/> <a class=\"read-more\" href=\"https:\/\/liceulmeu.md\/en\/echipa-manageriala\/\">Read more<\/a><\/p>","protected":false},"author":1,"featured_media":0,"parent":0,"menu_order":0,"comment_status":"closed","ping_status":"closed","template":"","meta":{"footnotes":""},"class_list":["post-13924","page","type-page","status-publish","hentry"],"rttpg_featured_image_url":null,"rttpg_author":{"display_name":"gintalatina","author_link":"https:\/\/liceulmeu.md\/en\/author\/admin\/"},"rttpg_comment":0,"rttpg_category":null,"rttpg_excerpt":"Echipa noastr\u0103 de succes \u201eUNICUL INGREDIENT IMPORTANT \u00ceN FORMULA SUCCESULUI ESTE S\u0102 \u0218TII S\u0102 FII PRIETENIS CU OAMENII.\u201d (THEODORE ROOSEVELT) Un profesor bun \u00ee\u0219i las\u0103 definitiv amprenta asupra dezvolt\u0103rii armonioase a elevilor s\u0103i, printr-o sum\u0103 de calit\u0103\u021bi esen\u021biale, care \u00eel ajut\u0103 s\u0103 fac\u0103 cinste voca\u021biei \u00eembr\u0103\u021bisate. Un profesor bun este constructivist, echitabil, adaptabil, atent la&hellip;&hellip;","_links":{"self":[{"href":"https:\/\/liceulmeu.md\/en\/wp-json\/wp\/v2\/pages\/13924","targetHints":{"allow":["GET"]}}],"collection":[{"href":"https:\/\/liceulmeu.md\/en\/wp-json\/wp\/v2\/pages"}],"about":[{"href":"https:\/\/liceulmeu.md\/en\/wp-json\/wp\/v2\/types\/page"}],"author":[{"embeddable":true,"href":"https:\/\/liceulmeu.md\/en\/wp-json\/wp\/v2\/users\/1"}],"replies":[{"embeddable":true,"href":"https:\/\/liceulmeu.md\/en\/wp-json\/wp\/v2\/comments?post=13924"}],"version-history":[{"count":1,"href":"https:\/\/liceulmeu.md\/en\/wp-json\/wp\/v2\/pages\/13924\/revisions"}],"predecessor-version":[{"id":13926,"href":"https:\/\/liceulmeu.md\/en\/wp-json\/wp\/v2\/pages\/13924\/revisions\/13926"}],"wp:attachment":[{"href":"https:\/\/liceulmeu.md\/en\/wp-json\/wp\/v2\/media?parent=13924"}],"curies":[{"name":"wp","href":"https:\/\/api.w.org\/{rel}","templated":true}]}}